{"id":17,"date":"2014-02-05T11:54:16","date_gmt":"2014-02-05T13:54:16","guid":{"rendered":"http:\/\/www.chinelosconforto.com.br\/v3\/?page_id=17"},"modified":"2014-02-19T14:40:46","modified_gmt":"2014-02-19T17:40:46","slug":"hotelaria","status":"publish","type":"page","link":"http:\/\/www.chinelosconforto.com.br\/v3\/hotelaria\/","title":{"rendered":"Hotelaria"},"content":{"rendered":"<h1><\/h1>\n<h1 style=\"text-align: left;\" align=\"center\"><strong>Seu hotel est\u00e1 preparado para os grandes eventos que o pa\u00eds ir\u00e1 sediar?<\/strong><\/h1>\n<p style=\"text-align: left;\">Fidelize seu h\u00f3spede com os chinelos e pantufas personalizadas CONFORTO. Nossa empresa tem a experi\u00eancia de mais de 39 anos na fabrica\u00e7\u00e3o de chinelos de quarto.<\/p>\n<p style=\"text-align: left;\">Segundo a portaria MTUR n. 100\/2011 a rede hoteleira precisa ter quesitos m\u00ednimos para elevar ou manter sua categoria.<\/p>\n<p style=\"text-align: left;\">Disponibilize nos quartos como mimo, em apartamentos especiais, em eventos ou como amenidade com pre\u00e7o em cat\u00e1logo (agregando valor \u00e0 di\u00e1ria).<\/p>\n<p style=\"text-align: left;\">A Conforto est\u00e1 pronta para lhe atender, proporcionando \u00f3tima rela\u00e7\u00e3o custo \/ benef\u00edcio para seu hotel.<\/p>\n<h2 align=\"center\">linha profissional<\/h2>\n<table width=\"600px\" cellspacing=\"2\" cellpadding=\"2\" align=\"center\">\n<tbody>\n<tr>\n<td><a href=\"http:\/\/www.chinelosconforto.com.br\/v3\/galerias\/hotelaria\/1001_chinelos_para_hoteis.jpg\" rel=\"lightbox[roadtrip]\"><img decoding=\"async\" alt=\"\" src=\"http:\/\/www.chinelosconforto.com.br\/v3\/galerias\/hotelaria\/1001_chinelos_para_hoteis_p.jpg\" \/><\/a><\/td>\n<td><a href=\"http:\/\/www.chinelosconforto.com.br\/v3\/galerias\/hotelaria\/1003_chinelos_para_hoteis.jpg\" rel=\"lightbox[roadtrip]\"><img decoding=\"async\" alt=\"\" src=\"http:\/\/www.chinelosconforto.com.br\/v3\/galerias\/hotelaria\/1003_chinelos_para_hoteis_p.jpg\" \/><\/a><\/td>\n<td><a href=\"http:\/\/www.chinelosconforto.com.br\/v3\/galerias\/hotelaria\/1005_chinelos_para_hoteis.jpg\" rel=\"lightbox[roadtrip]\"><img decoding=\"async\" alt=\"\" src=\"http:\/\/www.chinelosconforto.com.br\/v3\/galerias\/hotelaria\/1005_chinelos_para_hoteis_p.jpg\" \/><\/a><\/td>\n<\/tr>\n<tr>\n<td><a href=\"http:\/\/www.chinelosconforto.com.br\/v3\/galerias\/hotelaria\/1007_chinelos_para_hoteis.jpg\" rel=\"lightbox[roadtrip]\"><img decoding=\"async\" alt=\"\" src=\"http:\/\/www.chinelosconforto.com.br\/v3\/galerias\/hotelaria\/1007_chinelos_para_hoteis_p.jpg\" \/><\/a><\/td>\n<td><a href=\"http:\/\/www.chinelosconforto.com.br\/v3\/galerias\/hotelaria\/1009_chinelos_para_hoteis.jpg\" rel=\"lightbox[roadtrip]\"><img decoding=\"async\" alt=\"\" src=\"http:\/\/www.chinelosconforto.com.br\/v3\/galerias\/hotelaria\/1009_chinelos_para_hoteis_p.jpg\" \/><\/a><\/td>\n<td><a href=\"http:\/\/www.chinelosconforto.com.br\/v3\/galerias\/hotelaria\/1010_chinelos_para_hoteis.jpg\" rel=\"lightbox[roadtrip]\"><img decoding=\"async\" alt=\"\" src=\"http:\/\/www.chinelosconforto.com.br\/v3\/galerias\/hotelaria\/1010_chinelos_para_hoteis_p.jpg\" \/><\/a><\/td>\n<\/tr>\n<tr>\n<td><a href=\"http:\/\/www.chinelosconforto.com.br\/v3\/galerias\/hotelaria\/1016_chinelos_para_hoteis.jpg\" rel=\"lightbox[roadtrip]\"><img decoding=\"async\" alt=\"\" src=\"http:\/\/www.chinelosconforto.com.br\/v3\/galerias\/hotelaria\/1016_chinelos_para_hoteis_p.jpg\" \/><\/a><\/td>\n<td><a href=\"http:\/\/www.chinelosconforto.com.br\/v3\/galerias\/hotelaria\/1017_chinelos_para_hoteis.jpg\" rel=\"lightbox[roadtrip]\"><img decoding=\"async\" alt=\"\" src=\"http:\/\/www.chinelosconforto.com.br\/v3\/galerias\/hotelaria\/1017_chinelos_para_hoteis_p.jpg\" \/><\/a><\/td>\n<td><a href=\"http:\/\/www.chinelosconforto.com.br\/v3\/galerias\/hotelaria\/1019_chinelos_para_hoteis.jpg\" rel=\"lightbox[roadtrip]\"><img decoding=\"async\" alt=\"\" src=\"http:\/\/www.chinelosconforto.com.br\/v3\/galerias\/hotelaria\/1019_chinelos_para_hoteis_p.jpg\" \/><\/a><\/td>\n<\/tr>\n<tr>\n<td><a href=\"http:\/\/www.chinelosconforto.com.br\/v3\/galerias\/hotelaria\/1025_chinelos_para_hoteis.jpg\" rel=\"lightbox[roadtrip]\"><img decoding=\"async\" alt=\"\" src=\"http:\/\/www.chinelosconforto.com.br\/v3\/galerias\/hotelaria\/1025_chinelos_para_hoteis_p.jpg\" \/><\/a><\/td>\n<td><a href=\"http:\/\/www.chinelosconforto.com.br\/v3\/galerias\/hotelaria\/1027_chinelos_para_hoteis.jpg\" rel=\"lightbox[roadtrip]\"><img decoding=\"async\" alt=\"\" src=\"http:\/\/www.chinelosconforto.com.br\/v3\/galerias\/hotelaria\/1027_chinelos_para_hoteis_p.jpg\" \/><\/a><\/td>\n<td><a href=\"http:\/\/www.chinelosconforto.com.br\/v3\/galerias\/hotelaria\/1028_chinelos_para_hoteis.jpg\" rel=\"lightbox[roadtrip]\"><img decoding=\"async\" alt=\"\" src=\"http:\/\/www.chinelosconforto.com.br\/v3\/galerias\/hotelaria\/1028_chinelos_para_hoteis_p.jpg\" \/><\/a><\/td>\n<\/tr>\n<tr>\n<td><a href=\"http:\/\/www.chinelosconforto.com.br\/v3\/galerias\/hotelaria\/1029_chinelos_para_hoteis.jpg\" rel=\"lightbox[roadtrip]\"><img decoding=\"async\" alt=\"\" src=\"http:\/\/www.chinelosconforto.com.br\/v3\/galerias\/hotelaria\/1029_chinelos_para_hoteis_p.jpg\" \/><\/a><\/td>\n<td><a href=\"http:\/\/www.chinelosconforto.com.br\/v3\/galerias\/hotelaria\/1031_chinelos_para_hoteis.jpg\" rel=\"lightbox[roadtrip]\"><img decoding=\"async\" alt=\"\" src=\"http:\/\/www.chinelosconforto.com.br\/v3\/galerias\/hotelaria\/1031_chinelos_para_hoteis_p.jpg\" \/><\/a><\/td>\n<td><a href=\"http:\/\/www.chinelosconforto.com.br\/v3\/galerias\/hotelaria\/1035_chinelos_para_hoteis.jpg\" rel=\"lightbox[roadtrip]\"><img decoding=\"async\" alt=\"\" src=\"http:\/\/www.chinelosconforto.com.br\/v3\/galerias\/hotelaria\/1035_chinelos_para_hoteis_p.jpg\" \/><\/a><\/td>\n<\/tr>\n<tr>\n<td><a href=\"http:\/\/www.chinelosconforto.com.br\/v3\/galerias\/hotelaria\/1037_chinelos_para_hoteis.jpg\" rel=\"lightbox[roadtrip]\"><img decoding=\"async\" alt=\"\" src=\"http:\/\/www.chinelosconforto.com.br\/v3\/galerias\/hotelaria\/1037_chinelos_para_hoteis_p.jpg\" \/><\/a><\/td>\n<td><a href=\"http:\/\/www.chinelosconforto.com.br\/v3\/galerias\/hotelaria\/1039_chinelos_para_hoteis.jpg\" rel=\"lightbox[roadtrip]\"><img decoding=\"async\" alt=\"\" src=\"http:\/\/www.chinelosconforto.com.br\/v3\/galerias\/hotelaria\/1039_chinelos_para_hoteis_p.jpg\" \/><\/a><\/td>\n<td><\/td>\n<\/tr>\n<\/tbody>\n<\/table>\n<h2 style=\"text-align: center;\">motelaria<\/h2>\n<table width=\"600px\" cellspacing=\"2\" cellpadding=\"2\" align=\"center\">\n<tbody>\n<tr>\n<td><a href=\"http:\/\/www.chinelosconforto.com.br\/v3\/galerias\/hotelaria\/1001_chinelos_para_hoteis.jpg\" rel=\"lightbox[roadtrip]\"><img decoding=\"async\" alt=\"\" src=\"http:\/\/www.chinelosconforto.com.br\/v3\/galerias\/hotelaria\/1001_chinelos_para_hoteis_p.jpg\" \/><\/a><\/td>\n<td><a href=\"http:\/\/www.chinelosconforto.com.br\/v3\/galerias\/hotelaria\/1003_chinelos_para_hoteis.jpg\" rel=\"lightbox[roadtrip]\"><img decoding=\"async\" alt=\"\" src=\"http:\/\/www.chinelosconforto.com.br\/v3\/galerias\/hotelaria\/1003_chinelos_para_hoteis_p.jpg\" \/><\/a><\/td>\n<td><a href=\"http:\/\/www.chinelosconforto.com.br\/v3\/galerias\/hotelaria\/1005_chinelos_para_hoteis.jpg\" rel=\"lightbox[roadtrip]\"><img decoding=\"async\" alt=\"\" src=\"http:\/\/www.chinelosconforto.com.br\/v3\/galerias\/hotelaria\/1005_chinelos_para_hoteis_p.jpg\" \/><\/a><\/td>\n<\/tr>\n<\/tbody>\n<\/table>\n<p><h2 style=\"text-align: center;\">hospitais<\/h2>\n<table width=\"600px\" cellspacing=\"2\" cellpadding=\"2\" align=\"center\">\n<tbody>\n<tr>\n<td><a href=\"http:\/\/www.chinelosconforto.com.br\/v3\/galerias\/hotelaria\/1001_chinelos_para_hoteis.jpg\" rel=\"lightbox[roadtrip]\"><img decoding=\"async\" alt=\"\" src=\"http:\/\/www.chinelosconforto.com.br\/v3\/galerias\/hotelaria\/1001_chinelos_para_hoteis_p.jpg\" \/><\/a><\/td>\n<td><a href=\"http:\/\/www.chinelosconforto.com.br\/v3\/galerias\/hotelaria\/1003_chinelos_para_hoteis.jpg\" rel=\"lightbox[roadtrip]\"><img decoding=\"async\" alt=\"\" src=\"http:\/\/www.chinelosconforto.com.br\/v3\/galerias\/hotelaria\/1003_chinelos_para_hoteis_p.jpg\" \/><\/a><\/td>\n<td><a href=\"http:\/\/www.chinelosconforto.com.br\/v3\/galerias\/hotelaria\/1005_chinelos_para_hoteis.jpg\" rel=\"lightbox[roadtrip]\"><img decoding=\"async\" alt=\"\" src=\"http:\/\/www.chinelosconforto.com.br\/v3\/galerias\/hotelaria\/1005_chinelos_para_hoteis_p.jpg\" \/><\/a><\/td>\n<\/tr>\n<\/tbody>\n<\/table>\n<p>\n","protected":false},"excerpt":{"rendered":"<p>Seu hotel est\u00e1 preparado para os grandes eventos que o pa\u00eds ir\u00e1 sediar? Fidelize seu h\u00f3spede com os chinelos e pantufas personalizadas CONFORTO. Nossa empresa tem a experi\u00eancia de mais de 39 anos na fabrica\u00e7\u00e3o de chinelos de quarto. Segundo a portaria MTUR n. 100\/2011 a rede hoteleira precisa ter quesitos m\u00ednimos para elevar ou manter sua categoria. Disponibilize nos&nbsp;<a href=\"http:\/\/www.chinelosconforto.com.br\/v3\/hotelaria\/\" class=\"read-more\">Continue Reading<\/a><\/p>\n","protected":false},"author":1,"featured_media":0,"parent":0,"menu_order":0,"comment_status":"open","ping_status":"closed","template":"","meta":{"_monsterinsights_skip_tracking":false,"_monsterinsights_sitenote_active":false,"_monsterinsights_sitenote_note":"","_monsterinsights_sitenote_category":0,"footnotes":""},"class_list":["post-17","page","type-page","status-publish","hentry"],"_links":{"self":[{"href":"http:\/\/www.chinelosconforto.com.br\/v3\/wp-json\/wp\/v2\/pages\/17","targetHints":{"allow":["GET"]}}],"collection":[{"href":"http:\/\/www.chinelosconforto.com.br\/v3\/wp-json\/wp\/v2\/pages"}],"about":[{"href":"http:\/\/www.chinelosconforto.com.br\/v3\/wp-json\/wp\/v2\/types\/page"}],"author":[{"embeddable":true,"href":"http:\/\/www.chinelosconforto.com.br\/v3\/wp-json\/wp\/v2\/users\/1"}],"replies":[{"embeddable":true,"href":"http:\/\/www.chinelosconforto.com.br\/v3\/wp-json\/wp\/v2\/comments?post=17"}],"version-history":[{"count":62,"href":"http:\/\/www.chinelosconforto.com.br\/v3\/wp-json\/wp\/v2\/pages\/17\/revisions"}],"predecessor-version":[{"id":2140,"href":"http:\/\/www.chinelosconforto.com.br\/v3\/wp-json\/wp\/v2\/pages\/17\/revisions\/2140"}],"wp:attachment":[{"href":"http:\/\/www.chinelosconforto.com.br\/v3\/wp-json\/wp\/v2\/media?parent=17"}],"curies":[{"name":"wp","href":"https:\/\/api.w.org\/{rel}","templated":true}]}}